{"id":301,"date":"2020-09-29T08:23:13","date_gmt":"2020-09-29T08:23:13","guid":{"rendered":"http:\/\/zss3bytom.pl\/?page_id=301"},"modified":"2026-04-13T05:41:02","modified_gmt":"2026-04-13T05:41:02","slug":"elementor-301","status":"publish","type":"page","link":"https:\/\/zss3bytom.pl\/","title":{"rendered":"Start"},"content":{"rendered":"\t\t<div data-elementor-type=\"wp-post\" data-elementor-id=\"301\" class=\"elementor elementor-301\" data-elementor-settings=\"[]\">\n\t\t\t\t\t\t<div class=\"elementor-inner\">\n\t\t\t\t\t\t\t<div class=\"elementor-section-wrap\">\n\t\t\t\t\t\t\t<section class=\"elementor-section elementor-top-section elementor-element elementor-element-c470ee4 elementor-section-boxed elementor-section-height-default elementor-section-height-default\" data-id=\"c470ee4\" data-element_type=\"section\">\n\t\t\t\t\t\t<div class=\"elementor-container elementor-column-gap-default\">\n\t\t\t\t\t\t\t<div class=\"elementor-row\">\n\t\t\t\t\t<div class=\"elementor-column elementor-col-100 elementor-top-column elementor-element elementor-element-48bd273\" data-id=\"48bd273\" data-element_type=\"column\">\n\t\t\t<div class=\"elementor-column-wrap elementor-element-populated\">\n\t\t\t\t\t\t\t<div class=\"elementor-widget-wrap\">\n\t\t\t\t\t\t<div class=\"elementor-element elementor-element-2b91477 elementor-widget elementor-widget-wp-widget-colormag_featured_posts_widget\" data-id=\"2b91477\" data-element_type=\"widget\" data-widget_type=\"wp-widget-colormag_featured_posts_widget.default\">\n\t\t\t\t<div class=\"elementor-widget-container\">\n\t\t\t<section class=\"widget widget_featured_posts widget_featured_meta clearfix\">\r\n\t\t<div class=\"first-post\">\r\n\t\t\t<div class=\"single-article clearfix\">\r\n\t\t\t\t<figure><a href=\"https:\/\/zss3bytom.pl\/index.php\/2026\/04\/13\/x-jubileuszowy-niebieski-tydzien\/\" title=\"X\u00a0\u00a0 JUBILEUSZOWY\u00a0 NIEBIESKI\u00a0\u00a0 TYDZIE\u0143\"><img loading=\"lazy\" decoding=\"async\" width=\"390\" height=\"205\" src=\"https:\/\/zss3bytom.pl\/wp-content\/uploads\/2026\/04\/4cd6008b-fe0e-4119-98b8-041585c4e21a-390x205.jpg\" class=\"attachment-colormag-featured-post-medium size-colormag-featured-post-medium wp-post-image\" alt=\"X\u00a0\u00a0 JUBILEUSZOWY\u00a0 NIEBIESKI\u00a0\u00a0 TYDZIE\u0143\" title=\"X\u00a0\u00a0 JUBILEUSZOWY\u00a0 NIEBIESKI\u00a0\u00a0 TYDZIE\u0143\" \/><\/a><\/figure>\r\n\t\t\t\t<div class=\"article-content\">\r\n\t\t\t\t\t<div class=\"above-entry-meta\"><span class=\"cat-links\"><a href=\"https:\/\/zss3bytom.pl\/index.php\/category\/aktualnosci\/\"  rel=\"category tag\">aktualno\u015bci<\/a>&nbsp;<a href=\"https:\/\/zss3bytom.pl\/index.php\/category\/niebieski-tydzien\/\"  rel=\"category tag\">Niebieski Tydzie\u0144<\/a>&nbsp;<\/span><\/div>\t\t<h3 class=\"entry-title\">\r\n\t\t\t<a href=\"https:\/\/zss3bytom.pl\/index.php\/2026\/04\/13\/x-jubileuszowy-niebieski-tydzien\/\" title=\"X\u00a0\u00a0 JUBILEUSZOWY\u00a0 NIEBIESKI\u00a0\u00a0 TYDZIE\u0143\">\r\n\t\t\t\tX\u00a0\u00a0 JUBILEUSZOWY\u00a0 NIEBIESKI\u00a0\u00a0 TYDZIE\u0143\t\t\t<\/a>\r\n\t\t<\/h3>\r\n\t\t<div class=\"below-entry-meta\"><span class=\"posted-on\"><a href=\"https:\/\/zss3bytom.pl\/index.php\/2026\/04\/13\/x-jubileuszowy-niebieski-tydzien\/\" title=\"5:35 am\" rel=\"bookmark\"><i class=\"fa fa-calendar-o\"><\/i> <time class=\"entry-date published\" datetime=\"2026-04-13T05:35:08+00:00\">13 kwietnia, 2026<\/time><time class=\"updated\" datetime=\"2026-04-13T05:37:14+00:00\">13 kwietnia, 2026<\/time><\/a><\/span>\r\n\t\t<span class=\"byline\">\r\n\t\t\t<span class=\"author vcard\">\r\n\t\t\t\t<i class=\"fa fa-user\"><\/i>\r\n\t\t\t\t<a class=\"url fn n\"\r\n\t\t\t\t   href=\"https:\/\/zss3bytom.pl\/index.php\/author\/admin\/\"\r\n\t\t\t\t   title=\"admin\"\r\n\t\t\t\t>\r\n\t\t\t\t\tadmin\t\t\t\t<\/a>\r\n\t\t\t<\/span>\r\n\t\t<\/span>\r\n\r\n\t\t\t\t\t<span class=\"comments\">\r\n\t\t\t\t<i class=\"fa fa-comment\"><\/i><a href=\"https:\/\/zss3bytom.pl\/index.php\/2026\/04\/13\/x-jubileuszowy-niebieski-tydzien\/#respond\">0<\/a>\t\t\t<\/span>\r\n\t\t\r\n\t\t<\/div>\r\n\t\t\t\t\t\t\t\t\t\t\t<div class=\"entry-content\">\r\n\t\t\t\t\t\t\t<p>13-17 kwietnia 2026 W tym roku obchody Niebieskiego Tygodnia b\u0119d\u0105 obchodzone pod has\u0142em: \u201eDzi\u0119kuj\u0119, \u017ce mnie akceptujesz \u2013 z Tob\u0105<\/p>\n\t\t\t\t\t\t<\/div>\r\n\t\t\t\t\t\t\t\t\t<\/div>\r\n\r\n\t\t\t<\/div>\r\n\t\t\t<\/div><div class=\"following-post\">\r\n\t\t\t<div class=\"single-article clearfix\">\r\n\t\t\t\t<figure><a href=\"https:\/\/zss3bytom.pl\/index.php\/2025\/08\/29\/rozklad-jazdy-busow\/\" title=\"Rozk\u0142ad jazdy bus\u00f3w\"><img loading=\"lazy\" decoding=\"async\" width=\"130\" height=\"90\" src=\"https:\/\/zss3bytom.pl\/wp-content\/uploads\/2025\/06\/Gimbus-130x90.gif\" class=\"attachment-colormag-featured-post-small size-colormag-featured-post-small wp-post-image\" alt=\"Rozk\u0142ad jazdy bus\u00f3w\" title=\"Rozk\u0142ad jazdy bus\u00f3w\" srcset=\"https:\/\/zss3bytom.pl\/wp-content\/uploads\/2025\/06\/Gimbus-130x90.gif 130w, https:\/\/zss3bytom.pl\/wp-content\/uploads\/2025\/06\/Gimbus-392x272.gif 392w\" sizes=\"(max-width: 130px) 100vw, 130px\" \/><\/a><\/figure>\r\n\t\t\t\t<div class=\"article-content\">\r\n\t\t\t\t\t<div class=\"above-entry-meta\"><span class=\"cat-links\"><a href=\"https:\/\/zss3bytom.pl\/index.php\/category\/aktualnosci\/\"  rel=\"category tag\">aktualno\u015bci<\/a>&nbsp;<\/span><\/div>\t\t<h3 class=\"entry-title\">\r\n\t\t\t<a href=\"https:\/\/zss3bytom.pl\/index.php\/2025\/08\/29\/rozklad-jazdy-busow\/\" title=\"Rozk\u0142ad jazdy bus\u00f3w\">\r\n\t\t\t\tRozk\u0142ad jazdy bus\u00f3w\t\t\t<\/a>\r\n\t\t<\/h3>\r\n\t\t<div class=\"below-entry-meta\"><span class=\"posted-on\"><a href=\"https:\/\/zss3bytom.pl\/index.php\/2025\/08\/29\/rozklad-jazdy-busow\/\" title=\"8:49 am\" rel=\"bookmark\"><i class=\"fa fa-calendar-o\"><\/i> <time class=\"entry-date published\" datetime=\"2025-08-29T08:49:28+00:00\">29 sierpnia, 2025<\/time><time class=\"updated\" datetime=\"2025-08-29T08:54:34+00:00\">29 sierpnia, 2025<\/time><\/a><\/span>\r\n\t\t<span class=\"byline\">\r\n\t\t\t<span class=\"author vcard\">\r\n\t\t\t\t<i class=\"fa fa-user\"><\/i>\r\n\t\t\t\t<a class=\"url fn n\"\r\n\t\t\t\t   href=\"https:\/\/zss3bytom.pl\/index.php\/author\/admin\/\"\r\n\t\t\t\t   title=\"admin\"\r\n\t\t\t\t>\r\n\t\t\t\t\tadmin\t\t\t\t<\/a>\r\n\t\t\t<\/span>\r\n\t\t<\/span>\r\n\r\n\t\t\t\t\t<span class=\"comments\">\r\n\t\t\t\t<i class=\"fa fa-comment\"><\/i><a href=\"https:\/\/zss3bytom.pl\/index.php\/2025\/08\/29\/rozklad-jazdy-busow\/#respond\">0<\/a>\t\t\t<\/span>\r\n\t\t\r\n\t\t<\/div>\r\n\t\t\t\t\t\t\t\t\t<\/div>\r\n\r\n\t\t\t<\/div>\r\n\t\t\t\r\n\t\t\t<div class=\"single-article clearfix\">\r\n\t\t\t\t<figure><a href=\"https:\/\/zss3bytom.pl\/index.php\/2025\/06\/19\/przetarg-na-dowoz-uczniow-2025-2026\/\" title=\"Przetarg\u00a0na\u00a0dow\u00f3z\u00a0uczni\u00f3w\u00a02025-2026\"><img loading=\"lazy\" decoding=\"async\" width=\"130\" height=\"90\" src=\"https:\/\/zss3bytom.pl\/wp-content\/uploads\/2025\/06\/Gimbus-130x90.gif\" class=\"attachment-colormag-featured-post-small size-colormag-featured-post-small wp-post-image\" alt=\"Przetarg\u00a0na\u00a0dow\u00f3z\u00a0uczni\u00f3w\u00a02025-2026\" title=\"Przetarg\u00a0na\u00a0dow\u00f3z\u00a0uczni\u00f3w\u00a02025-2026\" srcset=\"https:\/\/zss3bytom.pl\/wp-content\/uploads\/2025\/06\/Gimbus-130x90.gif 130w, https:\/\/zss3bytom.pl\/wp-content\/uploads\/2025\/06\/Gimbus-392x272.gif 392w\" sizes=\"(max-width: 130px) 100vw, 130px\" \/><\/a><\/figure>\r\n\t\t\t\t<div class=\"article-content\">\r\n\t\t\t\t\t<div class=\"above-entry-meta\"><span class=\"cat-links\"><a href=\"https:\/\/zss3bytom.pl\/index.php\/category\/aktualnosci\/\"  rel=\"category tag\">aktualno\u015bci<\/a>&nbsp;<a href=\"https:\/\/zss3bytom.pl\/index.php\/category\/przetargi\/\" style=\"background:#f22800\" rel=\"category tag\">Przetargi<\/a>&nbsp;<\/span><\/div>\t\t<h3 class=\"entry-title\">\r\n\t\t\t<a href=\"https:\/\/zss3bytom.pl\/index.php\/2025\/06\/19\/przetarg-na-dowoz-uczniow-2025-2026\/\" title=\"Przetarg\u00a0na\u00a0dow\u00f3z\u00a0uczni\u00f3w\u00a02025-2026\">\r\n\t\t\t\tPrzetarg\u00a0na\u00a0dow\u00f3z\u00a0uczni\u00f3w\u00a02025-2026\t\t\t<\/a>\r\n\t\t<\/h3>\r\n\t\t<div class=\"below-entry-meta\"><span class=\"posted-on\"><a href=\"https:\/\/zss3bytom.pl\/index.php\/2025\/06\/19\/przetarg-na-dowoz-uczniow-2025-2026\/\" title=\"7:33 am\" rel=\"bookmark\"><i class=\"fa fa-calendar-o\"><\/i> <time class=\"entry-date published\" datetime=\"2025-06-19T07:33:45+00:00\">19 czerwca, 2025<\/time><time class=\"updated\" datetime=\"2025-06-19T07:39:33+00:00\">19 czerwca, 2025<\/time><\/a><\/span>\r\n\t\t<span class=\"byline\">\r\n\t\t\t<span class=\"author vcard\">\r\n\t\t\t\t<i class=\"fa fa-user\"><\/i>\r\n\t\t\t\t<a class=\"url fn n\"\r\n\t\t\t\t   href=\"https:\/\/zss3bytom.pl\/index.php\/author\/admin\/\"\r\n\t\t\t\t   title=\"admin\"\r\n\t\t\t\t>\r\n\t\t\t\t\tadmin\t\t\t\t<\/a>\r\n\t\t\t<\/span>\r\n\t\t<\/span>\r\n\r\n\t\t\t\t\t<span class=\"comments\">\r\n\t\t\t\t<i class=\"fa fa-comment\"><\/i><a href=\"https:\/\/zss3bytom.pl\/index.php\/2025\/06\/19\/przetarg-na-dowoz-uczniow-2025-2026\/#respond\">0<\/a>\t\t\t<\/span>\r\n\t\t\r\n\t\t<\/div>\r\n\t\t\t\t\t\t\t\t\t<\/div>\r\n\r\n\t\t\t<\/div>\r\n\t\t\t\r\n\t\t\t<div class=\"single-article clearfix\">\r\n\t\t\t\t<figure><a href=\"https:\/\/zss3bytom.pl\/index.php\/2025\/06\/10\/dofinansowanie-w-ramach-priorytetu-3\/\" title=\"Dofinansowanie w ramach Priorytetu 3\"><img loading=\"lazy\" decoding=\"async\" width=\"130\" height=\"90\" src=\"https:\/\/zss3bytom.pl\/wp-content\/uploads\/2025\/06\/Clipboard01-130x90.jpg\" class=\"attachment-colormag-featured-post-small size-colormag-featured-post-small wp-post-image\" alt=\"Dofinansowanie w ramach Priorytetu 3\" title=\"Dofinansowanie w ramach Priorytetu 3\" \/><\/a><\/figure>\r\n\t\t\t\t<div class=\"article-content\">\r\n\t\t\t\t\t<div class=\"above-entry-meta\"><span class=\"cat-links\"><a href=\"https:\/\/zss3bytom.pl\/index.php\/category\/uncategorized\/\"  rel=\"category tag\">Uncategorized<\/a>&nbsp;<\/span><\/div>\t\t<h3 class=\"entry-title\">\r\n\t\t\t<a href=\"https:\/\/zss3bytom.pl\/index.php\/2025\/06\/10\/dofinansowanie-w-ramach-priorytetu-3\/\" title=\"Dofinansowanie w ramach Priorytetu 3\">\r\n\t\t\t\tDofinansowanie w ramach Priorytetu 3\t\t\t<\/a>\r\n\t\t<\/h3>\r\n\t\t<div class=\"below-entry-meta\"><span class=\"posted-on\"><a href=\"https:\/\/zss3bytom.pl\/index.php\/2025\/06\/10\/dofinansowanie-w-ramach-priorytetu-3\/\" title=\"6:41 am\" rel=\"bookmark\"><i class=\"fa fa-calendar-o\"><\/i> <time class=\"entry-date published\" datetime=\"2025-06-10T06:41:38+00:00\">10 czerwca, 2025<\/time><time class=\"updated\" datetime=\"2025-06-10T07:06:14+00:00\">10 czerwca, 2025<\/time><\/a><\/span>\r\n\t\t<span class=\"byline\">\r\n\t\t\t<span class=\"author vcard\">\r\n\t\t\t\t<i class=\"fa fa-user\"><\/i>\r\n\t\t\t\t<a class=\"url fn n\"\r\n\t\t\t\t   href=\"https:\/\/zss3bytom.pl\/index.php\/author\/admin\/\"\r\n\t\t\t\t   title=\"admin\"\r\n\t\t\t\t>\r\n\t\t\t\t\tadmin\t\t\t\t<\/a>\r\n\t\t\t<\/span>\r\n\t\t<\/span>\r\n\r\n\t\t\t\t\t<span class=\"comments\">\r\n\t\t\t\t<i class=\"fa fa-comment\"><\/i><a href=\"https:\/\/zss3bytom.pl\/index.php\/2025\/06\/10\/dofinansowanie-w-ramach-priorytetu-3\/#respond\">0<\/a>\t\t\t<\/span>\r\n\t\t\r\n\t\t<\/div>\r\n\t\t\t\t\t\t\t\t\t<\/div>\r\n\r\n\t\t\t<\/div>\r\n\t\t\t<\/div><\/section>\t\t<\/div>\n\t\t\t\t<\/div>\n\t\t\t\t\t\t<\/div>\n\t\t\t\t\t<\/div>\n\t\t<\/div>\n\t\t\t\t\t\t\t\t<\/div>\n\t\t\t\t\t<\/div>\n\t\t<\/section>\n\t\t\t\t<section class=\"elementor-section elementor-top-section elementor-element elementor-element-c95d79b elementor-section-boxed elementor-section-height-default elementor-section-height-default\" data-id=\"c95d79b\" data-element_type=\"section\">\n\t\t\t\t\t\t<div class=\"elementor-container elementor-column-gap-default\">\n\t\t\t\t\t\t\t<div class=\"elementor-row\">\n\t\t\t\t\t<div class=\"elementor-column elementor-col-100 elementor-top-column elementor-element elementor-element-bb236bb\" data-id=\"bb236bb\" data-element_type=\"column\">\n\t\t\t<div class=\"elementor-column-wrap elementor-element-populated\">\n\t\t\t\t\t\t\t<div class=\"elementor-widget-wrap\">\n\t\t\t\t\t\t<div class=\"elementor-element elementor-element-5d5d0dc elementor-aspect-ratio-169 elementor-widget elementor-widget-video\" data-id=\"5d5d0dc\" data-element_type=\"widget\" data-settings=\"{&quot;youtube_url&quot;:&quot;https:\\\/\\\/www.youtube.com\\\/watch?v=zDxw5xyTQ4w&quot;,&quot;video_type&quot;:&quot;youtube&quot;,&quot;controls&quot;:&quot;yes&quot;,&quot;aspect_ratio&quot;:&quot;169&quot;}\" data-widget_type=\"video.default\">\n\t\t\t\t<div class=\"elementor-widget-container\">\n\t\t\t\t\t<div class=\"elementor-wrapper elementor-fit-aspect-ratio elementor-open-inline\">\n\t\t\t<div class=\"elementor-video\"><\/div>\t\t<\/div>\n\t\t\t\t<\/div>\n\t\t\t\t<\/div>\n\t\t\t\t\t\t<\/div>\n\t\t\t\t\t<\/div>\n\t\t<\/div>\n\t\t\t\t\t\t\t\t<\/div>\n\t\t\t\t\t<\/div>\n\t\t<\/section>\n\t\t\t\t<section class=\"elementor-section elementor-top-section elementor-element elementor-element-1e03362 elementor-section-boxed elementor-section-height-default elementor-section-height-default\" data-id=\"1e03362\" data-element_type=\"section\">\n\t\t\t\t\t\t<div class=\"elementor-container elementor-column-gap-default\">\n\t\t\t\t\t\t\t<div class=\"elementor-row\">\n\t\t\t\t\t<div class=\"elementor-column elementor-col-100 elementor-top-column elementor-element elementor-element-7682289\" data-id=\"7682289\" data-element_type=\"column\">\n\t\t\t<div class=\"elementor-column-wrap elementor-element-populated\">\n\t\t\t\t\t\t\t<div class=\"elementor-widget-wrap\">\n\t\t\t\t\t\t<div class=\"elementor-element elementor-element-edde987 elementor-aspect-ratio-169 elementor-widget elementor-widget-video\" data-id=\"edde987\" data-element_type=\"widget\" data-settings=\"{&quot;youtube_url&quot;:&quot;https:\\\/\\\/youtu.be\\\/0TrpvyheES4&quot;,&quot;video_type&quot;:&quot;youtube&quot;,&quot;controls&quot;:&quot;yes&quot;,&quot;aspect_ratio&quot;:&quot;169&quot;}\" data-widget_type=\"video.default\">\n\t\t\t\t<div class=\"elementor-widget-container\">\n\t\t\t\t\t<div class=\"elementor-wrapper elementor-fit-aspect-ratio elementor-open-inline\">\n\t\t\t<div class=\"elementor-video\"><\/div>\t\t<\/div>\n\t\t\t\t<\/div>\n\t\t\t\t<\/div>\n\t\t\t\t\t\t<\/div>\n\t\t\t\t\t<\/div>\n\t\t<\/div>\n\t\t\t\t\t\t\t\t<\/div>\n\t\t\t\t\t<\/div>\n\t\t<\/section>\n\t\t\t\t<section class=\"elementor-section elementor-top-section elementor-element elementor-element-d7d85b4 elementor-section-boxed elementor-section-height-default elementor-section-height-default\" data-id=\"d7d85b4\" data-element_type=\"section\">\n\t\t\t\t\t\t<div class=\"elementor-container elementor-column-gap-default\">\n\t\t\t\t\t\t\t<div class=\"elementor-row\">\n\t\t\t\t\t<div class=\"elementor-column elementor-col-100 elementor-top-column elementor-element elementor-element-ad2df4c\" data-id=\"ad2df4c\" data-element_type=\"column\">\n\t\t\t<div class=\"elementor-column-wrap elementor-element-populated\">\n\t\t\t\t\t\t\t<div class=\"elementor-widget-wrap\">\n\t\t\t\t\t\t<div class=\"elementor-element elementor-element-3f2922d elementor-widget-divider--view-line_text elementor-widget-divider--element-align-center elementor-widget elementor-widget-divider\" data-id=\"3f2922d\" data-element_type=\"widget\" data-widget_type=\"divider.default\">\n\t\t\t\t<div class=\"elementor-widget-container\">\n\t\t\t\t\t<div class=\"elementor-divider\">\n\t\t\t<span class=\"elementor-divider-separator\">\n\t\t\t\t\t\t\t<span class=\"elementor-divider__text elementor-divider__element\">\n\t\t\t\tJeste\u015bmy dost\u0119pni\t\t\t\t<\/span>\n\t\t\t\t\t\t<\/span>\n\t\t<\/div>\n\t\t\t\t<\/div>\n\t\t\t\t<\/div>\n\t\t\t\t\t\t<\/div>\n\t\t\t\t\t<\/div>\n\t\t<\/div>\n\t\t\t\t\t\t\t\t<\/div>\n\t\t\t\t\t<\/div>\n\t\t<\/section>\n\t\t\t\t<section class=\"elementor-section elementor-top-section elementor-element elementor-element-ef621a5 elementor-section-boxed elementor-section-height-default elementor-section-height-default\" data-id=\"ef621a5\" data-element_type=\"section\">\n\t\t\t\t\t\t<div class=\"elementor-container elementor-column-gap-default\">\n\t\t\t\t\t\t\t<div class=\"elementor-row\">\n\t\t\t\t\t<div class=\"elementor-column elementor-col-33 elementor-top-column elementor-element elementor-element-5b14016\" data-id=\"5b14016\" data-element_type=\"column\">\n\t\t\t<div class=\"elementor-column-wrap elementor-element-populated\">\n\t\t\t\t\t\t\t<div class=\"elementor-widget-wrap\">\n\t\t\t\t\t\t<div class=\"elementor-element elementor-element-e2b11aa elementor-widget elementor-widget-google_maps\" data-id=\"e2b11aa\" data-element_type=\"widget\" data-widget_type=\"google_maps.default\">\n\t\t\t\t<div class=\"elementor-widget-container\">\n\t\t\t\t\t<div class=\"elementor-custom-embed\">\n\t\t\t<iframe frameborder=\"0\" scrolling=\"no\" marginheight=\"0\" marginwidth=\"0\"\n\t\t\t\t\tsrc=\"https:\/\/maps.google.com\/maps?q=Bytom%2C%20Konstytucji%2020&#038;t=m&#038;z=10&#038;output=embed&#038;iwloc=near\"\n\t\t\t\t\ttitle=\"Bytom, Konstytucji 20\"\n\t\t\t\t\taria-label=\"Bytom, Konstytucji 20\"\n\t\t\t><\/iframe>\n\t\t<\/div>\n\t\t\t\t<\/div>\n\t\t\t\t<\/div>\n\t\t\t\t\t\t<\/div>\n\t\t\t\t\t<\/div>\n\t\t<\/div>\n\t\t\t\t<div class=\"elementor-column elementor-col-33 elementor-top-column elementor-element elementor-element-4f252be\" data-id=\"4f252be\" data-element_type=\"column\">\n\t\t\t<div class=\"elementor-column-wrap elementor-element-populated\">\n\t\t\t\t\t\t\t<div class=\"elementor-widget-wrap\">\n\t\t\t\t\t\t<div class=\"elementor-element elementor-element-6aeb93a elementor-widget elementor-widget-image\" data-id=\"6aeb93a\" data-element_type=\"widget\" data-widget_type=\"image.default\">\n\t\t\t\t<div class=\"elementor-widget-container\">\n\t\t\t\t\t\t\t\t<div class=\"elementor-image\">\n\t\t\t\t\t\t\t\t\t\t\t\t<img loading=\"lazy\" decoding=\"async\" width=\"515\" height=\"740\" src=\"https:\/\/zss3bytom.pl\/wp-content\/uploads\/2021\/09\/gus.jpg\" class=\"attachment-large size-large\" alt=\"\" srcset=\"https:\/\/zss3bytom.pl\/wp-content\/uploads\/2021\/09\/gus.jpg 515w, https:\/\/zss3bytom.pl\/wp-content\/uploads\/2021\/09\/gus-209x300.jpg 209w\" sizes=\"(max-width: 515px) 100vw, 515px\" \/>\t\t\t\t\t\t\t\t\t\t\t\t\t\t<\/div>\n\t\t\t\t\t\t<\/div>\n\t\t\t\t<\/div>\n\t\t\t\t\t\t<\/div>\n\t\t\t\t\t<\/div>\n\t\t<\/div>\n\t\t\t\t<div class=\"elementor-column elementor-col-33 elementor-top-column elementor-element elementor-element-4e5593c\" data-id=\"4e5593c\" data-element_type=\"column\">\n\t\t\t<div class=\"elementor-column-wrap elementor-element-populated\">\n\t\t\t\t\t\t\t<div class=\"elementor-widget-wrap\">\n\t\t\t\t\t\t<div class=\"elementor-element elementor-element-7c20b88 elementor-widget elementor-widget-image\" data-id=\"7c20b88\" data-element_type=\"widget\" data-widget_type=\"image.default\">\n\t\t\t\t<div class=\"elementor-widget-container\">\n\t\t\t\t\t\t\t\t<div class=\"elementor-image\">\n\t\t\t\t\t\t\t\t\t\t\t\t\t<a href=\"https:\/\/www.facebook.com\/pages\/category\/School\/Zesp%C3%B3%C5%82-Szk%C3%B3%C5%82-Specjalnych-Nr-3-w-Bytomiu-215029962244905\/\">\n\t\t\t\t\t\t\t<img loading=\"lazy\" decoding=\"async\" width=\"1012\" height=\"617\" src=\"https:\/\/zss3bytom.pl\/wp-content\/uploads\/2020\/09\/fb-1.jpg\" class=\"attachment-1536x1536 size-1536x1536\" alt=\"\" srcset=\"https:\/\/zss3bytom.pl\/wp-content\/uploads\/2020\/09\/fb-1.jpg 1012w, https:\/\/zss3bytom.pl\/wp-content\/uploads\/2020\/09\/fb-1-300x183.jpg 300w, https:\/\/zss3bytom.pl\/wp-content\/uploads\/2020\/09\/fb-1-768x468.jpg 768w\" sizes=\"(max-width: 1012px) 100vw, 1012px\" \/>\t\t\t\t\t\t\t\t<\/a>\n\t\t\t\t\t\t\t\t\t\t\t\t\t\t<\/div>\n\t\t\t\t\t\t<\/div>\n\t\t\t\t<\/div>\n\t\t\t\t<div class=\"elementor-element elementor-element-fc85212 elementor-widget elementor-widget-image\" data-id=\"fc85212\" data-element_type=\"widget\" data-widget_type=\"image.default\">\n\t\t\t\t<div class=\"elementor-widget-container\">\n\t\t\t\t\t\t\t\t<div class=\"elementor-image\">\n\t\t\t\t\t\t\t\t\t\t\t\t\t<a href=\"https:\/\/zss3.bipbytom.pl\/\">\n\t\t\t\t\t\t\t<img loading=\"lazy\" decoding=\"async\" width=\"800\" height=\"450\" src=\"https:\/\/zss3bytom.pl\/wp-content\/uploads\/2021\/12\/obraz_2021-12-17_175828-1024x576.png\" class=\"attachment-large size-large\" alt=\"\" srcset=\"https:\/\/zss3bytom.pl\/wp-content\/uploads\/2021\/12\/obraz_2021-12-17_175828-1024x576.png 1024w, https:\/\/zss3bytom.pl\/wp-content\/uploads\/2021\/12\/obraz_2021-12-17_175828-300x169.png 300w, https:\/\/zss3bytom.pl\/wp-content\/uploads\/2021\/12\/obraz_2021-12-17_175828-768x432.png 768w, https:\/\/zss3bytom.pl\/wp-content\/uploads\/2021\/12\/obraz_2021-12-17_175828.png 1366w\" sizes=\"(max-width: 800px) 100vw, 800px\" \/>\t\t\t\t\t\t\t\t<\/a>\n\t\t\t\t\t\t\t\t\t\t\t\t\t\t<\/div>\n\t\t\t\t\t\t<\/div>\n\t\t\t\t<\/div>\n\t\t\t\t\t\t<\/div>\n\t\t\t\t\t<\/div>\n\t\t<\/div>\n\t\t\t\t\t\t\t\t<\/div>\n\t\t\t\t\t<\/div>\n\t\t<\/section>\n\t\t\t\t\t\t<\/div>\n\t\t\t\t\t\t<\/div>\n\t\t\t\t\t<\/div>\n\t\t","protected":false},"excerpt":{"rendered":"<p>https:\/\/www.youtube.com\/watch?v=zDxw5xyTQ4whttps:\/\/youtu.be\/0TrpvyheES4 Jeste\u015bmy dost\u0119pni<\/p>\n","protected":false},"author":1,"featured_media":0,"parent":0,"menu_order":0,"comment_status":"closed","ping_status":"closed","template":"","meta":{"footnotes":""},"_links":{"self":[{"href":"https:\/\/zss3bytom.pl\/index.php\/wp-json\/wp\/v2\/pages\/301"}],"collection":[{"href":"https:\/\/zss3bytom.pl\/index.php\/wp-json\/wp\/v2\/pages"}],"about":[{"href":"https:\/\/zss3bytom.pl\/index.php\/wp-json\/wp\/v2\/types\/page"}],"author":[{"embeddable":true,"href":"https:\/\/zss3bytom.pl\/index.php\/wp-json\/wp\/v2\/users\/1"}],"replies":[{"embeddable":true,"href":"https:\/\/zss3bytom.pl\/index.php\/wp-json\/wp\/v2\/comments?post=301"}],"version-history":[{"count":76,"href":"https:\/\/zss3bytom.pl\/index.php\/wp-json\/wp\/v2\/pages\/301\/revisions"}],"predecessor-version":[{"id":1496,"href":"https:\/\/zss3bytom.pl\/index.php\/wp-json\/wp\/v2\/pages\/301\/revisions\/1496"}],"wp:attachment":[{"href":"https:\/\/zss3bytom.pl\/index.php\/wp-json\/wp\/v2\/media?parent=301"}],"curies":[{"name":"wp","href":"https:\/\/api.w.org\/{rel}","templated":true}]}}